{"id":17,"date":"2015-12-18T11:42:57","date_gmt":"2015-12-18T10:42:57","guid":{"rendered":"http:\/\/all-in-for-erp.com\/de\/?page_id=17"},"modified":"2015-12-30T16:04:44","modified_gmt":"2015-12-30T15:04:44","slug":"blog","status":"publish","type":"page","link":"http:\/\/all-in-for-erp.com\/de\/blog\/","title":{"rendered":"Blog"},"content":{"rendered":"<p><em><span style=\"color: #339966;\"><img loading=\"lazy\" class=\"alignleft wp-image-28 size-thumbnail\" src=\"http:\/\/all-in-for-erp.com\/de\/wp-content\/uploads\/sites\/2\/2015\/12\/lp_blog-150x150.jpg\" alt=\"lp_blog\" width=\"150\" height=\"150\" srcset=\"http:\/\/all-in-for-erp.com\/de\/wp-content\/uploads\/sites\/2\/2015\/12\/lp_blog-150x150.jpg 150w, http:\/\/all-in-for-erp.com\/de\/wp-content\/uploads\/sites\/2\/2015\/12\/lp_blog-300x300.jpg 300w, http:\/\/all-in-for-erp.com\/de\/wp-content\/uploads\/sites\/2\/2015\/12\/lp_blog-160x160.jpg 160w, http:\/\/all-in-for-erp.com\/de\/wp-content\/uploads\/sites\/2\/2015\/12\/lp_blog-320x320.jpg 320w, http:\/\/all-in-for-erp.com\/de\/wp-content\/uploads\/sites\/2\/2015\/12\/lp_blog-45x45.jpg 45w, http:\/\/all-in-for-erp.com\/de\/wp-content\/uploads\/sites\/2\/2015\/12\/lp_blog.jpg 450w\" sizes=\"(max-width: 150px) 100vw, 150px\" \/>Mein Name ist Ulrich Fuchs, ich unterst\u00fctze als freier Berater Anwenderunternehmen und Beratungsh\u00e4user in allem, was im Umgang mit dem ERP-System &#8220;Infor LN&#8221; und seinen Vorg\u00e4ngerversionen (Baan IV, Baan V) so an Aufgaben anf\u00e4llt. Ich bin Projektleiter, Berater und Softwareentwickler, und weil ich alle drei Rollen tats\u00e4chlich beherrsche, bin ich der Joker immer dann, wenn&#8217;s anspruchsvoll wird.<\/span><\/em><\/p>\n<p><em><span style=\"color: #339966;\">Weil Neuigkeiten, \u00fcber die ich so stolpere, vielleicht auch f\u00fcr andere interessant sind, gibt&#8217;s dieses Blog. Meine Kontaktdaten finden Sie unter <a style=\"color: #339966;\" href=\"http:\/\/www.ulrich-fuchs.de\/\">www.ulrich-fuchs.de<\/a>.<\/span><\/em><\/p>\n<hr \/>\n<p>&nbsp;<\/p>\n<style>#recentposts-intext div{\r\nfont-size: 20px !important;\r\n}\r\n\r\n.rpwe-block ul{\r\nlist-style: none !important;\r\nmargin-left: 0 !important;\r\npadding-left: 0 !important;\r\n}\r\n\r\n.rpwe-block li{\r\nborder-bottom: 1px solid #eee;\r\nmargin-bottom: 10px;\r\npadding-bottom: 10px;\r\nlist-style-type: none;\r\n}\r\n\r\n.rpwe-block a{\r\ndisplay: inline !important;\r\ntext-decoration: none;\r\nfont-weight: 400;\r\n}\r\n\r\ndiv#recentposts-intext  h3{\r\nbackground: none !important;\r\nclear: none;\r\nmargin-bottom: 0 !important;\r\nmargin-top: 0 !important;\r\nfont-weight: 400;\r\nfont-size: 27px !important;\r\n}\r\n\r\n.rpwe-thumb{\r\nborder: 1px solid #eee !important;\r\nbox-shadow: none !important;\r\nmargin: 2px 10px 2px 0;\r\npadding: 3px !important;\r\n}\r\n\r\n\r\n.rpwe-time{\r\ncolor: #bbb;\r\n}\r\n\r\n.rpwe-comment{\r\ncolor: #bbb;\r\npadding-left: 5px;\r\n}\r\n\r\n.rpwe-alignleft{\r\ndisplay: inline;\r\nfloat: left;\r\n}\r\n\r\n.rpwe-alignright{\r\ndisplay: inline;\r\nfloat: right;\r\n}\r\n\r\n.rpwe-aligncenter{\r\ndisplay: block;\r\nmargin-left: auto;\r\nmargin-right: auto;\r\n}\r\n\r\n.rpwe-clearfix:before,\r\n.rpwe-clearfix:after{\r\ncontent: \"\";\r\ndisplay: table !important;\r\n}\r\n\r\n.rpwe-clearfix:after{\r\nclear: both;\r\n}\r\n\r\n.rpwe-clearfix{\r\nzoom: 1;\r\n}\r\n<\/style><div id=\"rpwe_widget-2\" class=\"widget rpwe_widget recent-posts-extended amr_widget\"><div id=\"recentposts-intext\" class=\"rpwe-block \"><ul class=\"rpwe-ul\"><li class=\"rpwe-li rpwe-clearfix\"><a class=\"rpwe-img\" href=\"http:\/\/all-in-for-erp.com\/de\/2019\/03\/08\/infor-ln-10-7-ist-verfuegbar\/\"  rel=\"bookmark\"><img class=\"rpwe-alignleft rpwe-thumb\" src=\"http:\/\/all-in-for-erp.com\/de\/wp-content\/uploads\/sites\/2\/2019\/03\/Infor-LN-10.7-download-80x80.png\" alt=\"Infor LN 10.7 ist verf\u00fcgbar!\"><\/a><h3 class=\"rpwe-title\"><a href=\"http:\/\/all-in-for-erp.com\/de\/2019\/03\/08\/infor-ln-10-7-ist-verfuegbar\/\" title=\"Permalink to Infor LN 10.7 ist verf\u00fcgbar!\" rel=\"bookmark\">Infor LN 10.7 ist verf\u00fcgbar!<\/a><\/h3><time class=\"rpwe-time published\" datetime=\"2019-03-08T18:15:59+01:00\">8. M\u00e4rz 2019<\/time><div class=\"rpwe-summary\">Und hier ist es, dampfend hei\u00df, auf dem Tisch: Seit gestern ist im Download Portal Infor LN 10.7 herunterladbar! Die Dokumentation ist ebenfalls schon raus.\u00a0 Die Release Notes sind hier. Eins muss man Infor&#46;&#46;&#46;<a href=\"http:\/\/all-in-for-erp.com\/de\/2019\/03\/08\/infor-ln-10-7-ist-verfuegbar\/\" class=\"more-link\">   (Mehr lesen) \u00bb<\/a><\/div><\/li><li class=\"rpwe-li rpwe-clearfix\"><a class=\"rpwe-img\" href=\"http:\/\/all-in-for-erp.com\/de\/2018\/03\/17\/zwei-interessante-interviews\/\"  rel=\"bookmark\"><img class=\"rpwe-alignleft rpwe-thumb\" src=\"http:\/\/all-in-for-erp.com\/de\/wp-content\/uploads\/sites\/2\/2017\/11\/microphone-1246057_1280-80x80.jpg\" alt=\"Zwei interessante Interviews\"><\/a><h3 class=\"rpwe-title\"><a href=\"http:\/\/all-in-for-erp.com\/de\/2018\/03\/17\/zwei-interessante-interviews\/\" title=\"Permalink to Zwei interessante Interviews\" rel=\"bookmark\">Zwei interessante Interviews<\/a><\/h3><time class=\"rpwe-time published\" datetime=\"2018-03-17T07:27:45+01:00\">17. M\u00e4rz 2018<\/time><div class=\"rpwe-summary\">bietet der ERP-Podcast von\u00a0Prof. Dr. Axel Winkelmann. Einmal ein Interview mit Guido Herres von Infor und Alexander Buschek von protego Braunschweiger Flammenfilter (letzterer bloggt \u00fcbrigens auch). Ich teile nicht alles (insbesondere glaube ich, dass&#46;&#46;&#46;<a href=\"http:\/\/all-in-for-erp.com\/de\/2018\/03\/17\/zwei-interessante-interviews\/\" class=\"more-link\">   (Mehr lesen) \u00bb<\/a><\/div><\/li><li class=\"rpwe-li rpwe-clearfix\"><a class=\"rpwe-img\" href=\"http:\/\/all-in-for-erp.com\/de\/2018\/01\/04\/bfia-jdbc-jetzt-verfuegbar\/\"  rel=\"bookmark\"><img class=\"rpwe-alignleft rpwe-thumb\" src=\"http:\/\/all-in-for-erp.com\/de\/wp-content\/uploads\/sites\/2\/2018\/01\/bfia-jdbc-80x80.jpg\" alt=\"BfIA-JDBC jetzt verf\u00fcgbar\"><\/a><h3 class=\"rpwe-title\"><a href=\"http:\/\/all-in-for-erp.com\/de\/2018\/01\/04\/bfia-jdbc-jetzt-verfuegbar\/\" title=\"Permalink to BfIA-JDBC jetzt verf\u00fcgbar\" rel=\"bookmark\">BfIA-JDBC jetzt verf\u00fcgbar<\/a><\/h3><time class=\"rpwe-time published\" datetime=\"2018-01-04T19:11:44+01:00\">4. Januar 2018<\/time><div class=\"rpwe-summary\">Ich freue mich sehr, mein neues Produkt &#8220;BfIA-JDBC&#8221; bekanntmachen zu d\u00fcrfen, das jetzt verf\u00fcgbar ist: BfIA-JDBC ist ein Softwaremodul, das einfach zu Infor LN hinzugef\u00fcgt werden kann. Es bindet ein Subset der JDBC API&#46;&#46;&#46;<a href=\"http:\/\/all-in-for-erp.com\/de\/2018\/01\/04\/bfia-jdbc-jetzt-verfuegbar\/\" class=\"more-link\">   (Mehr lesen) \u00bb<\/a><\/div><\/li><li class=\"rpwe-li rpwe-clearfix\"><a class=\"rpwe-img\" href=\"http:\/\/all-in-for-erp.com\/de\/2017\/12\/05\/details-zur-coleman-systemarchitektur\/\"  rel=\"bookmark\"><img class=\"rpwe-alignleft rpwe-thumb\" src=\"http:\/\/all-in-for-erp.com\/de\/wp-content\/uploads\/sites\/2\/2017\/12\/awsreinvent2017-80x80.jpg\" alt=\"Details zur Coleman-Systemarchitektur\"><\/a><h3 class=\"rpwe-title\"><a href=\"http:\/\/all-in-for-erp.com\/de\/2017\/12\/05\/details-zur-coleman-systemarchitektur\/\" title=\"Permalink to Details zur Coleman-Systemarchitektur\" rel=\"bookmark\">Details zur Coleman-Systemarchitektur<\/a><\/h3><time class=\"rpwe-time published\" datetime=\"2017-12-05T07:59:23+01:00\">5. Dezember 2017<\/time><div class=\"rpwe-summary\">Infor hat auf der AWS re:invent 2017\u00a0 &#8211; einer Amazon-Konferenz rund um die Amazon Web Services &#8211; pr\u00e4sentiert, was sich (zumindest soweit bis jetzt ersichtlich) hinter der &#8220;AI&#8221; Coleman verbirgt: Ein auf der Amazon-Technologie&#46;&#46;&#46;<a href=\"http:\/\/all-in-for-erp.com\/de\/2017\/12\/05\/details-zur-coleman-systemarchitektur\/\" class=\"more-link\">   (Mehr lesen) \u00bb<\/a><\/div><\/li><li class=\"rpwe-li rpwe-clearfix\"><a class=\"rpwe-img\" href=\"http:\/\/all-in-for-erp.com\/de\/2017\/12\/01\/sap-scheint-sich-ziemlich-die-finger-verbrannt-zu-haben\/\"  rel=\"bookmark\"><img class=\"rpwe-alignleft rpwe-thumb\" src=\"http:\/\/all-in-for-erp.com\/de\/wp-content\/uploads\/sites\/2\/2017\/12\/match-1063868_1280-80x80.jpg\" alt=\"SAP scheint sich ziemlich die Finger verbrannt zu haben,\"><\/a><h3 class=\"rpwe-title\"><a href=\"http:\/\/all-in-for-erp.com\/de\/2017\/12\/01\/sap-scheint-sich-ziemlich-die-finger-verbrannt-zu-haben\/\" title=\"Permalink to SAP scheint sich ziemlich die Finger verbrannt zu haben,\" rel=\"bookmark\">SAP scheint sich ziemlich die Finger verbrannt zu haben,<\/a><\/h3><time class=\"rpwe-time published\" datetime=\"2017-12-01T07:02:31+01:00\">1. Dezember 2017<\/time><div class=\"rpwe-summary\">mit seinem Ansinnen, bei den Kunden mit Lizenzkosten f\u00fcr &#8220;Indirect Access&#8221; abzusahnen, wenn man diesen Artikel von \u00a0Vinnie Mirchandani\u00a0liest. Indirect Access ist, wenn Sie f\u00fcr so ungef\u00e4hr jeden Webshop-Kunden,\u00a0der \u00fcber einen Third-Party-Webshop mit ERP-Schnittstelle\u00a0einen&#46;&#46;&#46;<a href=\"http:\/\/all-in-for-erp.com\/de\/2017\/12\/01\/sap-scheint-sich-ziemlich-die-finger-verbrannt-zu-haben\/\" class=\"more-link\">   (Mehr lesen) \u00bb<\/a><\/div><\/li><li class=\"rpwe-li rpwe-clearfix\"><a class=\"rpwe-img\" href=\"http:\/\/all-in-for-erp.com\/de\/2017\/11\/04\/enterprise-software-podcast-interview-julie-schrady\/\"  rel=\"bookmark\"><img class=\"rpwe-alignleft rpwe-thumb\" src=\"http:\/\/all-in-for-erp.com\/de\/wp-content\/uploads\/sites\/2\/2017\/11\/microphone-1246057_1280-80x80.jpg\" alt=\"Enterprise Software Podcast interviewt Julie Schrady\"><\/a><h3 class=\"rpwe-title\"><a href=\"http:\/\/all-in-for-erp.com\/de\/2017\/11\/04\/enterprise-software-podcast-interview-julie-schrady\/\" title=\"Permalink to Enterprise Software Podcast interviewt Julie Schrady\" rel=\"bookmark\">Enterprise Software Podcast interviewt Julie Schrady<\/a><\/h3><time class=\"rpwe-time published\" datetime=\"2017-11-04T08:41:01+01:00\">4. November 2017<\/time><div class=\"rpwe-summary\">Der Enterprise Software-Podcast hat (neben einem Haufen Gebashe auf Microsofts j\u00fcngste Dynamics-Strategie) in Folge 70 ein Interview mit Julie Schrady, Ihres Zeichens &#8220;Vice President Global Partner Recruitment&#8221; bei Infor. Nicht ganz uninteressant, wenn man&#46;&#46;&#46;<a href=\"http:\/\/all-in-for-erp.com\/de\/2017\/11\/04\/enterprise-software-podcast-interview-julie-schrady\/\" class=\"more-link\">   (Mehr lesen) \u00bb<\/a><\/div><\/li><li class=\"rpwe-li rpwe-clearfix\"><a class=\"rpwe-img\" href=\"http:\/\/all-in-for-erp.com\/de\/2016\/11\/11\/teil-verkaufsgeruechte-gehen-weiter\/\"  rel=\"bookmark\"><img class=\"rpwe-alignleft rpwe-thumb\" src=\"http:\/\/all-in-for-erp.com\/de\/wp-content\/uploads\/sites\/2\/2016\/09\/stock-exchange-1376104_1280-80x80.jpg\" alt=\"(Teil-)Verkaufsger\u00fcchte gehen weiter\"><\/a><h3 class=\"rpwe-title\"><a href=\"http:\/\/all-in-for-erp.com\/de\/2016\/11\/11\/teil-verkaufsgeruechte-gehen-weiter\/\" title=\"Permalink to (Teil-)Verkaufsger\u00fcchte gehen weiter\" rel=\"bookmark\">(Teil-)Verkaufsger\u00fcchte gehen weiter<\/a><\/h3><time class=\"rpwe-time published\" datetime=\"2016-11-11T10:20:03+01:00\">11. November 2016<\/time><div class=\"rpwe-summary\">Zunehmend scheint sich zu konkretisieren, dass die Anteilseigner hinter Infor (Golden Gate Capital und Summit Partners) gr\u00f6\u00dfere Anteile verkaufen wollen und sich diverse Kaufinteressenten in Position bringen. Siehe Enterprise Times oder New York Post.<a href=\"http:\/\/all-in-for-erp.com\/de\/2016\/11\/11\/teil-verkaufsgeruechte-gehen-weiter\/\" class=\"more-link\">   (Mehr lesen) \u00bb<\/a><\/div><\/li><\/ul><\/div><!-- Generated by http:\/\/wordpress.org\/plugins\/recent-posts-widget-extended\/ --><\/div>\n","protected":false},"excerpt":{"rendered":"<p>Mein Name ist Ulrich Fuchs, ich unterst\u00fctze als freier Berater Anwenderunternehmen und Beratungsh\u00e4user in allem, was im Umgang mit dem ERP-System &#8220;Infor LN&#8221; und seinen Vorg\u00e4ngerversionen (Baan IV, Baan V) so an Aufgaben anf\u00e4llt.&#46;&#46;&#46;<\/p>\n","protected":false},"author":1,"featured_media":0,"parent":0,"menu_order":0,"comment_status":"closed","ping_status":"closed","template":"","meta":[],"_links":{"self":[{"href":"http:\/\/all-in-for-erp.com\/de\/wp-json\/wp\/v2\/pages\/17"}],"collection":[{"href":"http:\/\/all-in-for-erp.com\/de\/wp-json\/wp\/v2\/pages"}],"about":[{"href":"http:\/\/all-in-for-erp.com\/de\/wp-json\/wp\/v2\/types\/page"}],"author":[{"embeddable":true,"href":"http:\/\/all-in-for-erp.com\/de\/wp-json\/wp\/v2\/users\/1"}],"replies":[{"embeddable":true,"href":"http:\/\/all-in-for-erp.com\/de\/wp-json\/wp\/v2\/comments?post=17"}],"version-history":[{"count":6,"href":"http:\/\/all-in-for-erp.com\/de\/wp-json\/wp\/v2\/pages\/17\/revisions"}],"predecessor-version":[{"id":61,"href":"http:\/\/all-in-for-erp.com\/de\/wp-json\/wp\/v2\/pages\/17\/revisions\/61"}],"wp:attachment":[{"href":"http:\/\/all-in-for-erp.com\/de\/wp-json\/wp\/v2\/media?parent=17"}],"curies":[{"name":"wp","href":"https:\/\/api.w.org\/{rel}","templated":true}]}}